{"id":132,"date":"2024-05-21T14:35:12","date_gmt":"2024-05-21T12:35:12","guid":{"rendered":"https:\/\/cobrais.saotech.es\/?page_id=132"},"modified":"2024-11-07T16:25:08","modified_gmt":"2024-11-07T15:25:08","slug":"seguridad-y-salud","status":"publish","type":"page","link":"https:\/\/www.iscobra.com\/fr\/groupe\/sante-et-securite\/","title":{"rendered":"Sant\u00e9 et s\u00e9curit\u00e9"},"content":{"rendered":"","protected":false},"excerpt":{"rendered":"","protected":false},"author":8,"featured_media":0,"parent":87,"menu_order":0,"comment_status":"closed","ping_status":"closed","template":"page-grupo.php","meta":{"_acf_changed":false,"footnotes":""},"class_list":["post-132","page","type-page","status-publish","hentry"],"translation":{"provider":"WPGlobus","version":"3.0.2","language":"fr","enabled_languages":["es","en","fr"],"languages":{"es":{"title":true,"content":false,"excerpt":false},"en":{"title":true,"content":false,"excerpt":false},"fr":{"title":true,"content":false,"excerpt":false}}},"acf":[],"yoast_head":"<!-- This site is optimized with the Yoast SEO plugin v27.2 - https:\/\/yoast.com\/product\/yoast-seo-wordpress\/ -->\n<title>Sant\u00e9 et s\u00e9curit\u00e9 - Cobra IS<\/title>\n<meta name=\"robots\" content=\"index, follow, max-snippet:-1, max-image-preview:large, max-video-preview:-1\" \/>\n<link rel=\"canonical\" href=\"https:\/\/www.iscobra.com\/grupo\/seguridad-y-salud\/\" \/>\n<meta property=\"og:locale\" content=\"fr_FR\" \/>\n<meta property=\"og:type\" content=\"article\" \/>\n<meta property=\"og:title\" content=\"Sant\u00e9 et s\u00e9curit\u00e9 - Cobra IS\" \/>\n<meta property=\"og:url\" content=\"https:\/\/www.iscobra.com\/grupo\/seguridad-y-salud\/\" \/>\n<meta property=\"og:site_name\" content=\"Cobra IS\" \/>\n<meta property=\"article:modified_time\" content=\"2024-11-07T15:25:08+00:00\" \/>\n<meta name=\"twitter:card\" content=\"summary_large_image\" \/>\n<script type=\"application\/ld+json\" class=\"yoast-schema-graph\">{\"@context\":\"https:\/\/schema.org\",\"@graph\":[{\"@type\":\"WebPage\",\"@id\":\"https:\/\/www.iscobra.com\/grupo\/seguridad-y-salud\/\",\"url\":\"https:\/\/www.iscobra.com\/grupo\/seguridad-y-salud\/\",\"name\":\"Sant\u00e9 et s\u00e9curit\u00e9 - Cobra IS\",\"isPartOf\":{\"@id\":\"https:\/\/www.iscobra.com\/#website\"},\"datePublished\":\"2024-05-21T12:35:12+00:00\",\"dateModified\":\"2024-11-07T15:25:08+00:00\",\"breadcrumb\":{\"@id\":\"https:\/\/www.iscobra.com\/grupo\/seguridad-y-salud\/#breadcrumb\"},\"inLanguage\":\"fr-FR\",\"potentialAction\":[{\"@type\":\"ReadAction\",\"target\":[\"https:\/\/www.iscobra.com\/grupo\/seguridad-y-salud\/\"]}]},{\"@type\":\"WebSite\",\"@id\":\"https:\/\/www.iscobra.com\/#website\",\"url\":\"https:\/\/www.iscobra.com\/\",\"name\":\"{:es}Cobra IS{:}{:en}Cobra IS{:}{:fr}Cobra IS{:}\",\"description\":\"R\u00e9f\u00e9rence historique en ing\u00e9nierie industrielle appliqu\u00e9e et services mondiaux.\",\"publisher\":{\"@id\":\"https:\/\/www.iscobra.com\/#organization\"},\"potentialAction\":[{\"@type\":\"SearchAction\",\"target\":{\"@type\":\"EntryPoint\",\"urlTemplate\":\"https:\/\/www.iscobra.com\/?s={search_term_string}\"},\"query-input\":{\"@type\":\"PropertyValueSpecification\",\"valueRequired\":true,\"valueName\":\"search_term_string\"}}],\"inLanguage\":\"fr-FR\"},{\"@type\":\"Organization\",\"@id\":\"https:\/\/www.iscobra.com\/#organization\",\"name\":\"{:es}Cobra IS{:}{:en}Cobra IS{:}{:fr}Cobra IS{:}\",\"url\":\"https:\/\/www.iscobra.com\/\",\"logo\":{\"@type\":\"ImageObject\",\"inLanguage\":\"fr-FR\",\"@id\":\"https:\/\/www.iscobra.com\/#\/schema\/logo\/image\/\",\"url\":\"https:\/\/www.iscobra.com\/wp-content\/uploads\/2024\/05\/logo-color-cobrais.svg\",\"contentUrl\":\"https:\/\/www.iscobra.com\/wp-content\/uploads\/2024\/05\/logo-color-cobrais.svg\",\"caption\":\"{:es}Cobra IS{:}{:en}Cobra IS{:}{:fr}Cobra IS{:}\"},\"image\":{\"@id\":\"https:\/\/www.iscobra.com\/#\/schema\/logo\/image\/\"}}]}<\/script>\n<!-- \/ Yoast SEO plugin. -->","yoast_head_json":{"title":"Sant\u00e9 et s\u00e9curit\u00e9 - Cobra IS","robots":{"index":"index","follow":"follow","max-snippet":"max-snippet:-1","max-image-preview":"max-image-preview:large","max-video-preview":"max-video-preview:-1"},"canonical":"https:\/\/www.iscobra.com\/grupo\/seguridad-y-salud\/","og_locale":"fr_FR","og_type":"article","og_title":"Sant\u00e9 et s\u00e9curit\u00e9 - Cobra IS","og_url":"https:\/\/www.iscobra.com\/grupo\/seguridad-y-salud\/","og_site_name":"Cobra IS","article_modified_time":"2024-11-07T15:25:08+00:00","twitter_card":"summary_large_image","schema":{"@context":"https:\/\/schema.org","@graph":[{"@type":"WebPage","@id":"https:\/\/www.iscobra.com\/grupo\/seguridad-y-salud\/","url":"https:\/\/www.iscobra.com\/grupo\/seguridad-y-salud\/","name":"Sant\u00e9 et s\u00e9curit\u00e9 - Cobra IS","isPartOf":{"@id":"https:\/\/www.iscobra.com\/#website"},"datePublished":"2024-05-21T12:35:12+00:00","dateModified":"2024-11-07T15:25:08+00:00","breadcrumb":{"@id":"https:\/\/www.iscobra.com\/grupo\/seguridad-y-salud\/#breadcrumb"},"inLanguage":"fr-FR","potentialAction":[{"@type":"ReadAction","target":["https:\/\/www.iscobra.com\/grupo\/seguridad-y-salud\/"]}]},{"@type":"WebSite","@id":"https:\/\/www.iscobra.com\/#website","url":"https:\/\/www.iscobra.com\/","name":"{:es}Cobra IS{:}{:en}Cobra IS{:}{:fr}Cobra IS{:}","description":"R\u00e9f\u00e9rence historique en ing\u00e9nierie industrielle appliqu\u00e9e et services mondiaux.","publisher":{"@id":"https:\/\/www.iscobra.com\/#organization"},"potentialAction":[{"@type":"SearchAction","target":{"@type":"EntryPoint","urlTemplate":"https:\/\/www.iscobra.com\/?s={search_term_string}"},"query-input":{"@type":"PropertyValueSpecification","valueRequired":true,"valueName":"search_term_string"}}],"inLanguage":"fr-FR"},{"@type":"Organization","@id":"https:\/\/www.iscobra.com\/#organization","name":"{:es}Cobra IS{:}{:en}Cobra IS{:}{:fr}Cobra IS{:}","url":"https:\/\/www.iscobra.com\/","logo":{"@type":"ImageObject","inLanguage":"fr-FR","@id":"https:\/\/www.iscobra.com\/#\/schema\/logo\/image\/","url":"https:\/\/www.iscobra.com\/wp-content\/uploads\/2024\/05\/logo-color-cobrais.svg","contentUrl":"https:\/\/www.iscobra.com\/wp-content\/uploads\/2024\/05\/logo-color-cobrais.svg","caption":"{:es}Cobra IS{:}{:en}Cobra IS{:}{:fr}Cobra IS{:}"},"image":{"@id":"https:\/\/www.iscobra.com\/#\/schema\/logo\/image\/"}}]}},"_links":{"self":[{"href":"https:\/\/www.iscobra.com\/fr\/wp-json\/wp\/v2\/pages\/132","targetHints":{"allow":["GET"]}}],"collection":[{"href":"https:\/\/www.iscobra.com\/fr\/wp-json\/wp\/v2\/pages"}],"about":[{"href":"https:\/\/www.iscobra.com\/fr\/wp-json\/wp\/v2\/types\/page"}],"author":[{"embeddable":true,"href":"https:\/\/www.iscobra.com\/fr\/wp-json\/wp\/v2\/users\/8"}],"replies":[{"embeddable":true,"href":"https:\/\/www.iscobra.com\/fr\/wp-json\/wp\/v2\/comments?post=132"}],"version-history":[{"count":22,"href":"https:\/\/www.iscobra.com\/fr\/wp-json\/wp\/v2\/pages\/132\/revisions"}],"predecessor-version":[{"id":2603,"href":"https:\/\/www.iscobra.com\/fr\/wp-json\/wp\/v2\/pages\/132\/revisions\/2603"}],"up":[{"embeddable":true,"href":"https:\/\/www.iscobra.com\/fr\/wp-json\/wp\/v2\/pages\/87"}],"wp:attachment":[{"href":"https:\/\/www.iscobra.com\/fr\/wp-json\/wp\/v2\/media?parent=132"}],"curies":[{"name":"wp","href":"https:\/\/api.w.org\/{rel}","templated":true}]}}