{"id":596,"date":"2024-06-25T11:17:59","date_gmt":"2024-06-25T09:17:59","guid":{"rendered":"https:\/\/cobrais.saotech.es\/?page_id=596"},"modified":"2024-11-06T16:44:18","modified_gmt":"2024-11-06T15:44:18","slug":"actualidad","status":"publish","type":"page","link":"https:\/\/www.iscobra.com\/fr\/Actualit%C3%A9s\/","title":{"rendered":"Actualit\u00e9s"},"content":{"rendered":"\n<p>R\u00e9sum\u00e9<\/p>\n","protected":false},"excerpt":{"rendered":"<p>R\u00e9sum\u00e9<\/p>\n","protected":false},"author":8,"featured_media":681,"parent":0,"menu_order":0,"comment_status":"closed","ping_status":"closed","template":"page-actualidad.php","meta":{"_acf_changed":false,"footnotes":""},"class_list":["post-596","page","type-page","status-publish","has-post-thumbnail","hentry"],"translation":{"provider":"WPGlobus","version":"3.0.2","language":"fr","enabled_languages":["es","en","fr"],"languages":{"es":{"title":true,"content":true,"excerpt":false},"en":{"title":true,"content":true,"excerpt":false},"fr":{"title":true,"content":true,"excerpt":false}}},"acf":[],"yoast_head":"<!-- This site is optimized with the Yoast SEO plugin v27.2 - https:\/\/yoast.com\/product\/yoast-seo-wordpress\/ -->\n<title>Actualit\u00e9s - Cobra IS<\/title>\n<meta name=\"robots\" content=\"index, follow, max-snippet:-1, max-image-preview:large, max-video-preview:-1\" \/>\n<link rel=\"canonical\" href=\"https:\/\/www.iscobra.com\/actualidad\/\" \/>\n<meta property=\"og:locale\" content=\"fr_FR\" \/>\n<meta property=\"og:type\" content=\"article\" \/>\n<meta property=\"og:title\" content=\"Actualit\u00e9s - Cobra IS\" \/>\n<meta property=\"og:url\" content=\"https:\/\/www.iscobra.com\/actualidad\/\" \/>\n<meta property=\"og:site_name\" content=\"Cobra IS\" \/>\n<meta property=\"article:modified_time\" content=\"2024-11-06T15:44:18+00:00\" \/>\n<meta property=\"og:image\" content=\"https:\/\/www.iscobra.com\/wp-content\/uploads\/2024\/07\/actualidad-1.jpg\" \/>\n\t<meta property=\"og:image:width\" content=\"1280\" \/>\n\t<meta property=\"og:image:height\" content=\"959\" \/>\n\t<meta property=\"og:image:type\" content=\"image\/jpeg\" \/>\n<meta name=\"twitter:card\" content=\"summary_large_image\" \/>\n<meta name=\"twitter:label1\" content=\"Dur\u00e9e de lecture estim\u00e9e\" \/>\n\t<meta name=\"twitter:data1\" content=\"1 minute\" \/>\n<script type=\"application\/ld+json\" class=\"yoast-schema-graph\">{\"@context\":\"https:\/\/schema.org\",\"@graph\":[{\"@type\":\"WebPage\",\"@id\":\"https:\/\/www.iscobra.com\/actualidad\/\",\"url\":\"https:\/\/www.iscobra.com\/actualidad\/\",\"name\":\"Actualit\u00e9s - Cobra IS\",\"isPartOf\":{\"@id\":\"https:\/\/www.iscobra.com\/#website\"},\"primaryImageOfPage\":{\"@id\":\"https:\/\/www.iscobra.com\/actualidad\/#primaryimage\"},\"image\":{\"@id\":\"https:\/\/www.iscobra.com\/actualidad\/#primaryimage\"},\"thumbnailUrl\":\"https:\/\/www.iscobra.com\/wp-content\/uploads\/2024\/07\/actualidad-1.jpg\",\"datePublished\":\"2024-06-25T09:17:59+00:00\",\"dateModified\":\"2024-11-06T15:44:18+00:00\",\"breadcrumb\":{\"@id\":\"https:\/\/www.iscobra.com\/actualidad\/#breadcrumb\"},\"inLanguage\":\"fr-FR\",\"potentialAction\":[{\"@type\":\"ReadAction\",\"target\":[\"https:\/\/www.iscobra.com\/actualidad\/\"]}]},{\"@type\":\"ImageObject\",\"inLanguage\":\"fr-FR\",\"@id\":\"https:\/\/www.iscobra.com\/actualidad\/#primaryimage\",\"url\":\"https:\/\/www.iscobra.com\/wp-content\/uploads\/2024\/07\/actualidad-1.jpg\",\"contentUrl\":\"https:\/\/www.iscobra.com\/wp-content\/uploads\/2024\/07\/actualidad-1.jpg\",\"width\":1280,\"height\":959},{\"@type\":\"BreadcrumbList\",\"@id\":\"https:\/\/www.iscobra.com\/actualidad\/#breadcrumb\",\"itemListElement\":[{\"@type\":\"ListItem\",\"position\":1,\"name\":\"Home\",\"item\":\"https:\/\/www.iscobra.com\/\"},{\"@type\":\"ListItem\",\"position\":2,\"name\":\"Actualidad\"}]},{\"@type\":\"WebSite\",\"@id\":\"https:\/\/www.iscobra.com\/#website\",\"url\":\"https:\/\/www.iscobra.com\/\",\"name\":\"{:es}Cobra IS{:}{:en}Cobra IS{:}{:fr}Cobra IS{:}\",\"description\":\"R\u00e9f\u00e9rence historique en ing\u00e9nierie industrielle appliqu\u00e9e et services mondiaux.\",\"publisher\":{\"@id\":\"https:\/\/www.iscobra.com\/#organization\"},\"potentialAction\":[{\"@type\":\"SearchAction\",\"target\":{\"@type\":\"EntryPoint\",\"urlTemplate\":\"https:\/\/www.iscobra.com\/?s={search_term_string}\"},\"query-input\":{\"@type\":\"PropertyValueSpecification\",\"valueRequired\":true,\"valueName\":\"search_term_string\"}}],\"inLanguage\":\"fr-FR\"},{\"@type\":\"Organization\",\"@id\":\"https:\/\/www.iscobra.com\/#organization\",\"name\":\"{:es}Cobra IS{:}{:en}Cobra IS{:}{:fr}Cobra IS{:}\",\"url\":\"https:\/\/www.iscobra.com\/\",\"logo\":{\"@type\":\"ImageObject\",\"inLanguage\":\"fr-FR\",\"@id\":\"https:\/\/www.iscobra.com\/#\/schema\/logo\/image\/\",\"url\":\"https:\/\/www.iscobra.com\/wp-content\/uploads\/2024\/05\/logo-color-cobrais.svg\",\"contentUrl\":\"https:\/\/www.iscobra.com\/wp-content\/uploads\/2024\/05\/logo-color-cobrais.svg\",\"caption\":\"{:es}Cobra IS{:}{:en}Cobra IS{:}{:fr}Cobra IS{:}\"},\"image\":{\"@id\":\"https:\/\/www.iscobra.com\/#\/schema\/logo\/image\/\"}}]}<\/script>\n<!-- \/ Yoast SEO plugin. -->","yoast_head_json":{"title":"Actualit\u00e9s - Cobra IS","robots":{"index":"index","follow":"follow","max-snippet":"max-snippet:-1","max-image-preview":"max-image-preview:large","max-video-preview":"max-video-preview:-1"},"canonical":"https:\/\/www.iscobra.com\/actualidad\/","og_locale":"fr_FR","og_type":"article","og_title":"Actualit\u00e9s - Cobra IS","og_url":"https:\/\/www.iscobra.com\/actualidad\/","og_site_name":"Cobra IS","article_modified_time":"2024-11-06T15:44:18+00:00","og_image":[{"width":1280,"height":959,"url":"https:\/\/www.iscobra.com\/wp-content\/uploads\/2024\/07\/actualidad-1.jpg","type":"image\/jpeg"}],"twitter_card":"summary_large_image","twitter_misc":{"Dur\u00e9e de lecture estim\u00e9e":"1 minute"},"schema":{"@context":"https:\/\/schema.org","@graph":[{"@type":"WebPage","@id":"https:\/\/www.iscobra.com\/actualidad\/","url":"https:\/\/www.iscobra.com\/actualidad\/","name":"Actualit\u00e9s - Cobra IS","isPartOf":{"@id":"https:\/\/www.iscobra.com\/#website"},"primaryImageOfPage":{"@id":"https:\/\/www.iscobra.com\/actualidad\/#primaryimage"},"image":{"@id":"https:\/\/www.iscobra.com\/actualidad\/#primaryimage"},"thumbnailUrl":"https:\/\/www.iscobra.com\/wp-content\/uploads\/2024\/07\/actualidad-1.jpg","datePublished":"2024-06-25T09:17:59+00:00","dateModified":"2024-11-06T15:44:18+00:00","breadcrumb":{"@id":"https:\/\/www.iscobra.com\/actualidad\/#breadcrumb"},"inLanguage":"fr-FR","potentialAction":[{"@type":"ReadAction","target":["https:\/\/www.iscobra.com\/actualidad\/"]}]},{"@type":"ImageObject","inLanguage":"fr-FR","@id":"https:\/\/www.iscobra.com\/actualidad\/#primaryimage","url":"https:\/\/www.iscobra.com\/wp-content\/uploads\/2024\/07\/actualidad-1.jpg","contentUrl":"https:\/\/www.iscobra.com\/wp-content\/uploads\/2024\/07\/actualidad-1.jpg","width":1280,"height":959},{"@type":"BreadcrumbList","@id":"https:\/\/www.iscobra.com\/actualidad\/#breadcrumb","itemListElement":[{"@type":"ListItem","position":1,"name":"Home","item":"https:\/\/www.iscobra.com\/"},{"@type":"ListItem","position":2,"name":"Actualidad"}]},{"@type":"WebSite","@id":"https:\/\/www.iscobra.com\/#website","url":"https:\/\/www.iscobra.com\/","name":"{:es}Cobra IS{:}{:en}Cobra IS{:}{:fr}Cobra IS{:}","description":"R\u00e9f\u00e9rence historique en ing\u00e9nierie industrielle appliqu\u00e9e et services mondiaux.","publisher":{"@id":"https:\/\/www.iscobra.com\/#organization"},"potentialAction":[{"@type":"SearchAction","target":{"@type":"EntryPoint","urlTemplate":"https:\/\/www.iscobra.com\/?s={search_term_string}"},"query-input":{"@type":"PropertyValueSpecification","valueRequired":true,"valueName":"search_term_string"}}],"inLanguage":"fr-FR"},{"@type":"Organization","@id":"https:\/\/www.iscobra.com\/#organization","name":"{:es}Cobra IS{:}{:en}Cobra IS{:}{:fr}Cobra IS{:}","url":"https:\/\/www.iscobra.com\/","logo":{"@type":"ImageObject","inLanguage":"fr-FR","@id":"https:\/\/www.iscobra.com\/#\/schema\/logo\/image\/","url":"https:\/\/www.iscobra.com\/wp-content\/uploads\/2024\/05\/logo-color-cobrais.svg","contentUrl":"https:\/\/www.iscobra.com\/wp-content\/uploads\/2024\/05\/logo-color-cobrais.svg","caption":"{:es}Cobra IS{:}{:en}Cobra IS{:}{:fr}Cobra IS{:}"},"image":{"@id":"https:\/\/www.iscobra.com\/#\/schema\/logo\/image\/"}}]}},"_links":{"self":[{"href":"https:\/\/www.iscobra.com\/fr\/wp-json\/wp\/v2\/pages\/596","targetHints":{"allow":["GET"]}}],"collection":[{"href":"https:\/\/www.iscobra.com\/fr\/wp-json\/wp\/v2\/pages"}],"about":[{"href":"https:\/\/www.iscobra.com\/fr\/wp-json\/wp\/v2\/types\/page"}],"author":[{"embeddable":true,"href":"https:\/\/www.iscobra.com\/fr\/wp-json\/wp\/v2\/users\/8"}],"replies":[{"embeddable":true,"href":"https:\/\/www.iscobra.com\/fr\/wp-json\/wp\/v2\/comments?post=596"}],"version-history":[{"count":15,"href":"https:\/\/www.iscobra.com\/fr\/wp-json\/wp\/v2\/pages\/596\/revisions"}],"predecessor-version":[{"id":2386,"href":"https:\/\/www.iscobra.com\/fr\/wp-json\/wp\/v2\/pages\/596\/revisions\/2386"}],"wp:featuredmedia":[{"embeddable":true,"href":"https:\/\/www.iscobra.com\/fr\/wp-json\/wp\/v2\/media\/681"}],"wp:attachment":[{"href":"https:\/\/www.iscobra.com\/fr\/wp-json\/wp\/v2\/media?parent=596"}],"curies":[{"name":"wp","href":"https:\/\/api.w.org\/{rel}","templated":true}]}}