{"id":695,"date":"2024-07-04T19:37:16","date_gmt":"2024-07-04T17:37:16","guid":{"rendered":"https:\/\/cobrais.saotech.es\/?page_id=695"},"modified":"2026-01-19T11:41:26","modified_gmt":"2026-01-19T10:41:26","slug":"politica-de-privacidad","status":"publish","type":"page","link":"https:\/\/www.iscobra.com\/fr\/politique-de-confidentialite\/","title":{"rendered":"Politique de confidentialit\u00e9"},"content":{"rendered":"\n<p><strong>Cobra Servicios, Comunicaciones y Energ\u00eda, S.A.U.<\/strong>&nbsp;(d\u00e9nomm\u00e9e ci-apr\u00e8s <strong>COBRA IS<\/strong> ), conform\u00e9ment \u00e0 la l\u00e9gislation en vigueur en mati\u00e8re de protection des donn\u00e9es \u00e0 caract\u00e8re personnel, informe les utilisateurs du site <a href=\"https:\/\/www.iscobra.com\/fr\" target=\"_blank\" rel=\"noreferrer noopener\">www.iscobra.com<\/a> (d\u00e9nomm\u00e9 ci-apr\u00e8s le Site) de la Politique relative \u00e0 la confidentialit\u00e9 et \u00e0 la protection des donn\u00e9es applicable au traitement des informations personnelles que l&rsquo;Utilisateur fournit volontairement lors de l&rsquo;acc\u00e8s au Site.<\/p>\n\n\n\n<p>Par la fourniture de ses donn\u00e9es \u00e0 caract\u00e8re personnel via les formulaires du Site ou par l\u2019utilisation de l&rsquo;adresse e-mail fournie et la communication de ses coordonn\u00e9es, l\u2019Utilisateur consent express\u00e9ment \u00e0 ce que <strong>COBRA IS<\/strong> traite lesdites donn\u00e9es conform\u00e9ment aux dispositions de la pr\u00e9sente Politique relative \u00e0 la confidentialit\u00e9 et \u00e0 la protection des donn\u00e9es et aux fins vis\u00e9es dans les pr\u00e9sentes.<\/p>\n\n\n\n<p><strong>COBRA IS<\/strong> pr\u00e9cise aux utilisateurs du Site que leurs donn\u00e9es \u00e0 caract\u00e8re personnel ne peuvent \u00eatre recueillies \u00e0 des fins de traitement que dans la mesure o\u00f9 elles sont ad\u00e9quates, pertinentes et proportionn\u00e9es par rapport au p\u00e9rim\u00e8tre et aux finalit\u00e9s sp\u00e9cifiques, explicites et l\u00e9gitimes pour lesquelles elles ont \u00e9t\u00e9 collect\u00e9es. Lesdites donn\u00e9es seront supprim\u00e9es d\u00e8s lors qu\u2019elles ne sont plus n\u00e9cessaires ou pertinentes \u00e0 ces fins, ou \u00e0 la demande du propri\u00e9taire dans le cadre de l\u2019exercice de son droit de suppression.<\/p>\n\n\n\n<p><strong>COBRA IS<\/strong> s\u2019engage \u00e0 respecter \u00e0 tout moment la l\u00e9gislation en vigueur en mati\u00e8re de protection des donn\u00e9es, ainsi que toute autre l\u00e9gislation applicable.<\/p>\n\n\n\n<p>Les donn\u00e9es personnelles fournies seront trait\u00e9es conform\u00e9ment aux <strong>informations suivantes concernant la protection des donn\u00e9es \u00e0 caract\u00e8re personnel&nbsp;:<\/strong><\/p>\n\n\n\n<p><strong>Responsable du traitement\u00a0: Cobra Servicios, Comunicaciones y Energ\u00eda, S.A.U., situ\u00e9e Cardenal Marcelo Sp\u00ednola, 10, 28016 Madrid\u00a0; code d\u2019identification fiscale (CIF) A-84920313<\/strong> et e-mail\u00a0: <a href=\"mailto:dpd@grupocobra.com\">dpd@grupocobra.com<\/a><\/p>\n\n\n\n<p>Finalit\u00e9s&nbsp;:<\/p>\n\n\n\n<ul class=\"wp-block-list\">\n<li>R\u00e9ponse aux requ\u00eates des Utilisateurs qui nous contactent via les adresses e-mail fournies et transmission des informations demand\u00e9es.<\/li>\n\n\n\n<li>Envoi, r\u00e9ception de CV et enregistrement d&rsquo;images\/voix, gestion des processus de s\u00e9lection du personnel habilit\u00e9 ou susceptible d\u2019\u00eatre habilit\u00e9 au sein de notre entreprise via la plateforme d\u00e9di\u00e9e sur laquelle l&rsquo;utilisateur doit s&rsquo;inscrire. Nous vous pr\u00e9cisons que les vid\u00e9os ne seront utilis\u00e9es que dans le cadre du processus de s\u00e9lection de<strong> COBRA IS<\/strong> et qu\u2019elles ne seront en aucun cas utilis\u00e9es \u00e0 des fins de diffusion externe.<\/li>\n\n\n\n<li>Cookies&nbsp;: ils servent \u00e0 maintenir la connexion de l&rsquo;utilisateur enregistr\u00e9, \u00e0 fournir des statistiques associ\u00e9es \u00e0 l&rsquo;utilisation du Site et \u00e0 la localisation de nos bureaux.<\/li>\n<\/ul>\n\n\n\n<p>Fondement juridique&nbsp;:<\/p>\n\n\n\n<p>La base du traitement des donn\u00e9es est le consentement que donne l&rsquo;utilisateur lorsqu\u2019il transmet ses donn\u00e9es ou coche les cases pertinentes.<\/p>\n\n\n\n<p>Nous vous informons que vos coordonn\u00e9es seront communiqu\u00e9es \u00e0 la soci\u00e9t\u00e9 du Groupe qui r\u00e9pondra \u00e0 votre demande. Vous pouvez consulter les informations concernant notre Groupe sur notre site Internet.<\/p>\n\n\n\n<p>Dur\u00e9e de conservation :<\/p>\n\n\n\n<ul class=\"wp-block-list\">\n<li>Les coordonn\u00e9es seront conserv\u00e9es pendant toute la dur\u00e9e de la relation, tant que leur suppression ne sera pas demand\u00e9e et, dans tous les cas, conform\u00e9ment aux d\u00e9lais de prescription l\u00e9gaux en vigueur.<\/li>\n\n\n\n<li>Les donn\u00e9es relatives aux candidatures seront conserv\u00e9es pendant une dur\u00e9e maximale de 2 ans si leur suppression n&rsquo;est pas demand\u00e9e et, dans tous les cas, conform\u00e9ment aux d\u00e9lais de prescription l\u00e9gaux en vigueur. Si vous souhaitez supprimer votre candidature, vous pouvez le faire \u00e0 tout moment depuis votre profil candidat.<\/li>\n\n\n\n<li>Consultez notre <a href=\"https:\/\/cobrais.saotech.es\/politica-de-privacidad\/\">Politique en mati\u00e8re de cookies<\/a> pour v\u00e9rifier la validit\u00e9 de chaque cookie.<\/li>\n<\/ul>\n\n\n\n<p><strong>Cessions et transferts internationaux de donn\u00e9es :<\/strong> aucun transfert de vos donn\u00e9es n&rsquo;est pr\u00e9vu sauf vers des soci\u00e9t\u00e9s faisant partie du Groupe, conform\u00e9ment aux finalit\u00e9s vis\u00e9es dans la pr\u00e9sente Politique. Aucun transfert international de donn\u00e9es n\u2019est pr\u00e9vu, sauf pour les responsables des services d\u2019analyse web&nbsp;: Les services Google Analytics fournis par Google LLC sont activ\u00e9s sur le Site. L&rsquo;interaction avec les utilisateurs \u00e0 travers l&rsquo;utilisation dudit outil implique le transfert international de donn\u00e9es, analytiques et techniques, en relation avec le Site. Pour en savoir plus, consultez le lien suivant : <a href=\"https:\/\/policies.google.com\/privacy?hl=es&amp;gl=es\">https:\/\/policies.google.com\/privacy?hl=es&amp;gl=es<\/a>.<\/p>\n\n\n\n<p><strong>Droits des personnes concern\u00e9es :<\/strong> les personnes concern\u00e9es peuvent exercer leurs droits d&rsquo;acc\u00e8s, de rectification, de suppression, de portabilit\u00e9 et de limitation ou d&rsquo;opposition en contactant nos bureaux centraux situ\u00e9 Cardenal Marcelo Sp\u00ednola, 10, 28016 Madrid, en pr\u00e9cisant leur volont\u00e9 d\u2019\u00ab exercer leurs droits en mati\u00e8re de protection des donn\u00e9es \u00bb. Les personnes concern\u00e9es ont le droit de retirer le consentement donn\u00e9 et de pr\u00e9senter une r\u00e9clamation aupr\u00e8s de l&rsquo;autorit\u00e9 de contr\u00f4le (Agence espagnole de protection des donn\u00e9es &#8211; www.aepd.es).<\/p>\n\n\n\n<p><strong>COBRA IS<\/strong> g\u00e8re son environnement serveur de mani\u00e8re appropri\u00e9e en disposant d&rsquo;une infrastructure de pare-feu conforme. La soci\u00e9t\u00e9 a recours aux derni\u00e8res technologies pour garantir le respect de la vie priv\u00e9e et la confidentialit\u00e9 des informations.<\/p>\n\n\n\n<p>Le Site dispose du certificat SSL (Secure Socket Layer) visant \u00e0 garantir une transmission s\u00e9curis\u00e9e des donn\u00e9es entre votre navigateur et notre Site.<\/p>\n\n\n\n<p>Le serveur s\u00e9curis\u00e9 \u00e9tablit une connexion en vue de la transmission chiffr\u00e9e des informations, celles-ci n\u2019\u00e9tant compr\u00e9hensibles que par l&rsquo;appareil de l&rsquo;utilisateur et celui du Site. Le protocole SSL garantit ainsi :<\/p>\n\n\n\n<ul class=\"wp-block-list\">\n<li>que l&rsquo;utilisateur communique ses donn\u00e9es au centre serveur du Site et non \u00e0 un autre&nbsp;;<\/li>\n\n\n\n<li>qu&rsquo;entre l&rsquo;utilisateur et le Site, les donn\u00e9es sont transmises de fa\u00e7on chiffr\u00e9e, emp\u00eachant toute lecture ou manipulation par des tiers.<\/li>\n<\/ul>\n\n\n\n<p>Afin de s\u2019assurer qu&rsquo;il se trouve dans un environnement s\u00e9curis\u00e9, le Client doit v\u00e9rifier que l&rsquo;adresse du Site commence par https:\/\/. Il peut \u00e9galement contr\u00f4ler le caract\u00e8re s\u00e9curis\u00e9 du Site en v\u00e9rifiant qu&rsquo;une ic\u00f4ne de cadenas appara\u00eet dans la barre d&rsquo;adresse du navigateur.<\/p>\n\n\n\n<p>Enfin, il peut v\u00e9rifier la pr\u00e9sence du certificat SSL en consultant les propri\u00e9t\u00e9s du Site sur le navigateur, ainsi que les propri\u00e9t\u00e9s de ce dernier. \u00c0 cette fin, des mesures techniques et organisationnelles n\u00e9cessaires sont adopt\u00e9es dans le but de garantir la s\u00e9curit\u00e9 des donn\u00e9es \u00e0 caract\u00e8re personnel et de pr\u00e9venir les risques d\u2019alt\u00e9ration, de perte, de traitement ou d\u2019acc\u00e8s non autoris\u00e9, compte tenu de l&rsquo;\u00e9tat de la technologie, de la nature des donn\u00e9es et des risques.<\/p>\n\n\n\n<p>Toute modification apport\u00e9e \u00e0 la Politique de confidentialit\u00e9 et aux pratiques de gestion des informations sera trait\u00e9e en temps opportun, et <strong>COBRA IS<\/strong> pourra ajouter, modifier ou supprimer ladite politique de confidentialit\u00e9 si elle le juge n\u00e9cessaire.<\/p>\n\n\n\n<p><strong>COBRA IS<\/strong> s\u2019interdit d\u2019apporter toute modification susceptible de rendre les politiques et les pratiques de protection des donn\u00e9es \u00e0 caract\u00e8re personnel moins efficaces.<\/p>\n\n\n\n<p>Derni\u00e8re mise \u00e0 jour&nbsp;: 1er ao\u00fbt 2024.<\/p>\n","protected":false},"excerpt":{"rendered":"<p>Cobra Servicios, Comunicaciones y Energ\u00eda, S.A.U.&nbsp;(d\u00e9nomm\u00e9e ci-apr\u00e8s COBRA IS ), conform\u00e9ment \u00e0 la l\u00e9gislation en vigueur en mati\u00e8re de protection des donn\u00e9es \u00e0 caract\u00e8re personnel, informe les utilisateurs du site www.iscobra.com (d\u00e9nomm\u00e9 ci-apr\u00e8s le Site) de la Politique relative \u00e0 la confidentialit\u00e9 et \u00e0 la protection des donn\u00e9es applicable au traitement des informations personnelles que [&hellip;]<\/p>\n","protected":false},"author":8,"featured_media":0,"parent":0,"menu_order":0,"comment_status":"closed","ping_status":"closed","template":"page-legal.php","meta":{"_acf_changed":false,"footnotes":""},"class_list":["post-695","page","type-page","status-publish","hentry"],"translation":{"provider":"WPGlobus","version":"3.0.2","language":"fr","enabled_languages":["es","en","fr"],"languages":{"es":{"title":true,"content":true,"excerpt":false},"en":{"title":true,"content":true,"excerpt":false},"fr":{"title":true,"content":true,"excerpt":false}}},"acf":[],"yoast_head":"<!-- This site is optimized with the Yoast SEO plugin v27.2 - https:\/\/yoast.com\/product\/yoast-seo-wordpress\/ -->\n<title>Politique de confidentialit\u00e9 - Cobra IS<\/title>\n<meta name=\"robots\" content=\"index, follow, max-snippet:-1, max-image-preview:large, max-video-preview:-1\" \/>\n<link rel=\"canonical\" href=\"https:\/\/www.iscobra.com\/politica-de-privacidad\/\" \/>\n<meta property=\"og:locale\" content=\"fr_FR\" \/>\n<meta property=\"og:type\" content=\"article\" \/>\n<meta property=\"og:title\" content=\"Politique de confidentialit\u00e9 - Cobra IS\" \/>\n<meta property=\"og:url\" content=\"https:\/\/www.iscobra.com\/politica-de-privacidad\/\" \/>\n<meta property=\"og:site_name\" content=\"Cobra IS\" \/>\n<meta property=\"article:modified_time\" content=\"2026-01-19T10:41:26+00:00\" \/>\n<meta name=\"twitter:card\" content=\"summary_large_image\" \/>\n<meta name=\"twitter:label1\" content=\"Dur\u00e9e de lecture estim\u00e9e\" \/>\n\t<meta name=\"twitter:data1\" content=\"5 minutes\" \/>\n<script type=\"application\/ld+json\" class=\"yoast-schema-graph\">{\"@context\":\"https:\/\/schema.org\",\"@graph\":[{\"@type\":\"WebPage\",\"@id\":\"https:\/\/www.iscobra.com\/politica-de-privacidad\/\",\"url\":\"https:\/\/www.iscobra.com\/politica-de-privacidad\/\",\"name\":\"Politique de confidentialit\u00e9 - Cobra IS\",\"isPartOf\":{\"@id\":\"https:\/\/www.iscobra.com\/#website\"},\"datePublished\":\"2024-07-04T17:37:16+00:00\",\"dateModified\":\"2026-01-19T10:41:26+00:00\",\"breadcrumb\":{\"@id\":\"https:\/\/www.iscobra.com\/politica-de-privacidad\/#breadcrumb\"},\"inLanguage\":\"fr-FR\",\"potentialAction\":[{\"@type\":\"ReadAction\",\"target\":[\"https:\/\/www.iscobra.com\/politica-de-privacidad\/\"]}]},{\"@type\":\"BreadcrumbList\",\"@id\":\"https:\/\/www.iscobra.com\/politica-de-privacidad\/#breadcrumb\",\"itemListElement\":[{\"@type\":\"ListItem\",\"position\":1,\"name\":\"Home\",\"item\":\"https:\/\/www.iscobra.com\/\"},{\"@type\":\"ListItem\",\"position\":2,\"name\":\"Pol\u00edtica de privacidad\"}]},{\"@type\":\"WebSite\",\"@id\":\"https:\/\/www.iscobra.com\/#website\",\"url\":\"https:\/\/www.iscobra.com\/\",\"name\":\"{:es}Cobra IS{:}{:en}Cobra IS{:}{:fr}Cobra IS{:}\",\"description\":\"R\u00e9f\u00e9rence historique en ing\u00e9nierie industrielle appliqu\u00e9e et services mondiaux.\",\"publisher\":{\"@id\":\"https:\/\/www.iscobra.com\/#organization\"},\"potentialAction\":[{\"@type\":\"SearchAction\",\"target\":{\"@type\":\"EntryPoint\",\"urlTemplate\":\"https:\/\/www.iscobra.com\/?s={search_term_string}\"},\"query-input\":{\"@type\":\"PropertyValueSpecification\",\"valueRequired\":true,\"valueName\":\"search_term_string\"}}],\"inLanguage\":\"fr-FR\"},{\"@type\":\"Organization\",\"@id\":\"https:\/\/www.iscobra.com\/#organization\",\"name\":\"{:es}Cobra IS{:}{:en}Cobra IS{:}{:fr}Cobra IS{:}\",\"url\":\"https:\/\/www.iscobra.com\/\",\"logo\":{\"@type\":\"ImageObject\",\"inLanguage\":\"fr-FR\",\"@id\":\"https:\/\/www.iscobra.com\/#\/schema\/logo\/image\/\",\"url\":\"https:\/\/www.iscobra.com\/wp-content\/uploads\/2024\/05\/logo-color-cobrais.svg\",\"contentUrl\":\"https:\/\/www.iscobra.com\/wp-content\/uploads\/2024\/05\/logo-color-cobrais.svg\",\"caption\":\"{:es}Cobra IS{:}{:en}Cobra IS{:}{:fr}Cobra IS{:}\"},\"image\":{\"@id\":\"https:\/\/www.iscobra.com\/#\/schema\/logo\/image\/\"}}]}<\/script>\n<!-- \/ Yoast SEO plugin. -->","yoast_head_json":{"title":"Politique de confidentialit\u00e9 - Cobra IS","robots":{"index":"index","follow":"follow","max-snippet":"max-snippet:-1","max-image-preview":"max-image-preview:large","max-video-preview":"max-video-preview:-1"},"canonical":"https:\/\/www.iscobra.com\/politica-de-privacidad\/","og_locale":"fr_FR","og_type":"article","og_title":"Politique de confidentialit\u00e9 - Cobra IS","og_url":"https:\/\/www.iscobra.com\/politica-de-privacidad\/","og_site_name":"Cobra IS","article_modified_time":"2026-01-19T10:41:26+00:00","twitter_card":"summary_large_image","twitter_misc":{"Dur\u00e9e de lecture estim\u00e9e":"5 minutes"},"schema":{"@context":"https:\/\/schema.org","@graph":[{"@type":"WebPage","@id":"https:\/\/www.iscobra.com\/politica-de-privacidad\/","url":"https:\/\/www.iscobra.com\/politica-de-privacidad\/","name":"Politique de confidentialit\u00e9 - Cobra IS","isPartOf":{"@id":"https:\/\/www.iscobra.com\/#website"},"datePublished":"2024-07-04T17:37:16+00:00","dateModified":"2026-01-19T10:41:26+00:00","breadcrumb":{"@id":"https:\/\/www.iscobra.com\/politica-de-privacidad\/#breadcrumb"},"inLanguage":"fr-FR","potentialAction":[{"@type":"ReadAction","target":["https:\/\/www.iscobra.com\/politica-de-privacidad\/"]}]},{"@type":"BreadcrumbList","@id":"https:\/\/www.iscobra.com\/politica-de-privacidad\/#breadcrumb","itemListElement":[{"@type":"ListItem","position":1,"name":"Home","item":"https:\/\/www.iscobra.com\/"},{"@type":"ListItem","position":2,"name":"Pol\u00edtica de privacidad"}]},{"@type":"WebSite","@id":"https:\/\/www.iscobra.com\/#website","url":"https:\/\/www.iscobra.com\/","name":"{:es}Cobra IS{:}{:en}Cobra IS{:}{:fr}Cobra IS{:}","description":"R\u00e9f\u00e9rence historique en ing\u00e9nierie industrielle appliqu\u00e9e et services mondiaux.","publisher":{"@id":"https:\/\/www.iscobra.com\/#organization"},"potentialAction":[{"@type":"SearchAction","target":{"@type":"EntryPoint","urlTemplate":"https:\/\/www.iscobra.com\/?s={search_term_string}"},"query-input":{"@type":"PropertyValueSpecification","valueRequired":true,"valueName":"search_term_string"}}],"inLanguage":"fr-FR"},{"@type":"Organization","@id":"https:\/\/www.iscobra.com\/#organization","name":"{:es}Cobra IS{:}{:en}Cobra IS{:}{:fr}Cobra IS{:}","url":"https:\/\/www.iscobra.com\/","logo":{"@type":"ImageObject","inLanguage":"fr-FR","@id":"https:\/\/www.iscobra.com\/#\/schema\/logo\/image\/","url":"https:\/\/www.iscobra.com\/wp-content\/uploads\/2024\/05\/logo-color-cobrais.svg","contentUrl":"https:\/\/www.iscobra.com\/wp-content\/uploads\/2024\/05\/logo-color-cobrais.svg","caption":"{:es}Cobra IS{:}{:en}Cobra IS{:}{:fr}Cobra IS{:}"},"image":{"@id":"https:\/\/www.iscobra.com\/#\/schema\/logo\/image\/"}}]}},"_links":{"self":[{"href":"https:\/\/www.iscobra.com\/fr\/wp-json\/wp\/v2\/pages\/695","targetHints":{"allow":["GET"]}}],"collection":[{"href":"https:\/\/www.iscobra.com\/fr\/wp-json\/wp\/v2\/pages"}],"about":[{"href":"https:\/\/www.iscobra.com\/fr\/wp-json\/wp\/v2\/types\/page"}],"author":[{"embeddable":true,"href":"https:\/\/www.iscobra.com\/fr\/wp-json\/wp\/v2\/users\/8"}],"replies":[{"embeddable":true,"href":"https:\/\/www.iscobra.com\/fr\/wp-json\/wp\/v2\/comments?post=695"}],"version-history":[{"count":15,"href":"https:\/\/www.iscobra.com\/fr\/wp-json\/wp\/v2\/pages\/695\/revisions"}],"predecessor-version":[{"id":3044,"href":"https:\/\/www.iscobra.com\/fr\/wp-json\/wp\/v2\/pages\/695\/revisions\/3044"}],"wp:attachment":[{"href":"https:\/\/www.iscobra.com\/fr\/wp-json\/wp\/v2\/media?parent=695"}],"curies":[{"name":"wp","href":"https:\/\/api.w.org\/{rel}","templated":true}]}}