{"id":698,"date":"2024-07-04T19:39:30","date_gmt":"2024-07-04T17:39:30","guid":{"rendered":"https:\/\/cobrais.saotech.es\/?page_id=698"},"modified":"2024-11-06T12:56:40","modified_gmt":"2024-11-06T11:56:40","slug":"politica-de-cookies","status":"publish","type":"page","link":"https:\/\/www.iscobra.com\/fr\/politique-en-matiere-de-cookies\/","title":{"rendered":"Politique en mati\u00e8re de cookies"},"content":{"rendered":"\n<h4 class=\"wp-block-heading\">Qu&rsquo;est-ce qu&rsquo;un cookie ?<\/h4>\n\n\n\n<p>Il s&rsquo;agit d&rsquo;un fichier t\u00e9l\u00e9charg\u00e9 sur votre ordinateur ou un autre appareil lorsque vous acc\u00e9dez \u00e0 certains sites Internet et collectant des informations sur votre navigation sur lesdits sites. Dans certains cas, les cookies sont n\u00e9cessaires pour faciliter la navigation et permettre notamment le stockage et la r\u00e9cup\u00e9ration d&rsquo;informations sur les habitudes de navigation d&rsquo;un utilisateur ou de son \u00e9quipement. En fonction des informations qu&rsquo;ils contiennent et de l\u2019utilisation de l\u2019\u00e9quipement, ils peuvent \u00eatre utilis\u00e9s pour reconna\u00eetre l\u2019utilisateur.<\/p>\n\n\n\n<h4 class=\"wp-block-heading\">Identification des cookies utilis\u00e9s<\/h4>\n\n\n\n<p>Conform\u00e9ment aux lignes directrices \u00e9tablies par l&rsquo;Agence espagnole de protection des donn\u00e9es, les cookies utilis\u00e9s sur ce site Internet sont class\u00e9s comme suit&nbsp;:<\/p>\n\n\n\n<ul class=\"wp-block-list\">\n<li><strong>Cookies propres&nbsp;:<\/strong>&nbsp;Ce sont ceux qui sont envoy\u00e9s \u00e0 l&rsquo;\u00e9quipement de l&rsquo;utilisateur depuis un ordinateur ou un domaine g\u00e9r\u00e9 par l&rsquo;\u00e9diteur lui-m\u00eame et \u00e0 partir duquel est fourni le service demand\u00e9 par l&rsquo;utilisateur.<\/li>\n\n\n\n<li><strong>Cookies tiers<\/strong> : Ce sont ceux qui sont envoy\u00e9s \u00e0 l&rsquo;\u00e9quipement de l&rsquo;utilisateur depuis un ordinateur ou un domaine qui n&rsquo;est pas g\u00e9r\u00e9 par l&rsquo;\u00e9diteur, mais par une autre entit\u00e9 qui traite les donn\u00e9es obtenues via les cookies.<\/li>\n\n\n\n<li><strong>Cookies de session<\/strong> : Ce sont ceux qui collectent et stockent des donn\u00e9es pendant que l&rsquo;utilisateur acc\u00e8de \u00e0 un site Internet.<\/li>\n\n\n\n<li><strong>Cookies persistants&nbsp;:<\/strong> Ce sont ceux qui stockent les donn\u00e9es dans le terminal afin qu&rsquo;elles soient accessibles et trait\u00e9es pendant une dur\u00e9e d\u00e9finie par le responsable du cookie (de quelques minutes \u00e0 plusieurs ann\u00e9es).<\/li>\n\n\n\n<li><strong>Cookies techniques<\/strong> : Ce sont ceux qui permettent \u00e0 l&rsquo;utilisateur de naviguer sur un site Internet, une plateforme ou une application et d&rsquo;utiliser les diff\u00e9rentes options ou services propos\u00e9s.<\/li>\n\n\n\n<li><strong>Cookies de personnalisation<\/strong> : Ce sont ceux qui permettent \u00e0 l&rsquo;utilisateur d&rsquo;acc\u00e9der au service avec certaines caract\u00e9ristiques g\u00e9n\u00e9rales pr\u00e9d\u00e9finies en fonction d&rsquo;une s\u00e9rie de crit\u00e8res sur l\u2019appareil de l&rsquo;utilisateur, tels que la langue, le type de navigateur donnant acc\u00e8s au service, la configuration r\u00e9gionale pour acc\u00e9der au service, etc.<\/li>\n\n\n\n<li><strong>Cookies analytiques<\/strong> : Ce sont ceux qui permettent au responsable de surveiller et d&rsquo;analyser le comportement des utilisateurs des sites Internet auxquels ils sont li\u00e9s. Les informations collect\u00e9es via ce type de cookies sont utilis\u00e9es pour mesurer l&rsquo;activit\u00e9 des sites Internet, des applications ou des plateformes et pour \u00e9laborer des profils de navigation des utilisateurs de ces sites, applications et plateformes, dans le but d\u2019apporter des am\u00e9liorations bas\u00e9es sur l&rsquo;analyse des donn\u00e9es d&rsquo;utilisation.<\/li>\n<\/ul>\n\n\n\n<p>Le tableau suivant pr\u00e9sente les cookies propres et les cookies tiers pr\u00e9sents sur le site <a href=\"https:\/\/www.iscobra.com\/fr\">www.<\/a><a href=\"https:\/\/www.iscobra.com\/fr\" target=\"_blank\" rel=\"noreferrer noopener\">iscobra<\/a><a href=\"https:\/\/www.iscobra.com\/fr\">.com<\/a> ainsi que leurs finalit\u00e9s.<\/p>\n\n\n\n<figure class=\"wp-block-table\"><table class=\"has-fixed-layout\"><thead><tr><th>Connexion<\/th><th>Connexion administrateur<\/th><th>Bon fonctionnement de la session<\/th><\/tr><tr><th>Langue<\/th><th>Configuration de la langue du site Internet<\/th><th>Changement de langue<\/th><\/tr><tr><th>Cookies<\/th><th>Contr\u00f4le de la lecture de la notification relative aux cookies<\/th><th>La notification relative aux cookies ne sera pas masqu\u00e9e<\/th><\/tr><tr><th colspan=\"3\"><strong>COOKIES TIERS<\/strong><\/th><\/tr><tr><th>__utma (1)<\/th><th>Utilis\u00e9 pour distinguer les utilisateurs et les sessions. Informations sur le nombre de visites effectu\u00e9es par l&rsquo;utilisateur. Il identifie \u00e9galement la premi\u00e8re et la derni\u00e8re fois que vous avez visit\u00e9 le site.<\/th><th>Google analytics<\/th><\/tr><tr><th>__utmb (1)<\/th><th>Utilis\u00e9 pour d\u00e9terminer les nouvelles sessions\/visites. Il identifie l&rsquo;heure d&rsquo;acc\u00e8s au site.<\/th><th>Google analytics<\/th><\/tr><tr><th>__utmc (1)<\/th><th>Le code javascript actuel de Google Analytics ne n\u00e9cessite pas ce cookie. Ce cookie continue d&rsquo;\u00eatre utilis\u00e9 pour garantir la compatibilit\u00e9 avec les sites Web sur lesquels l&rsquo;ancien code de suivi urchin.js est install\u00e9.<\/th><th>Google analytics<\/th><\/tr><tr><th>__utmz (1)<\/th><th>Utilis\u00e9 pour stocker des informations sur les habitudes des utilisateurs.<\/th><th>Google analytics<\/th><\/tr><tr><th>__utmv (1)<\/th><th>Utilis\u00e9 pour stocker des informations sur les habitudes des utilisateurs.<\/th><th>Google analytics<\/th><\/tr><tr><th>khcookie, testcookie, NID, PREF<\/th><th>Les cookies de Google Maps sont utilis\u00e9s pour fournir des informations sur la localisation des bureaux de l&rsquo;entit\u00e9.<\/th><th>maps.google.com<\/th><\/tr><\/thead><tbody><tr><td colspan=\"3\"><strong>COOKIES PROPRES<\/strong><\/td><\/tr><\/tbody><\/table><\/figure>\n\n\n\n<p>(1) Ils permettent de suivre le site Internet \u00e0 l&rsquo;aide de l&rsquo;outil Google Analytics, qui est un service fourni par Google pour obtenir des informations relatives \u00e0 l&rsquo;acc\u00e8s des utilisateurs aux sites Internet. Google, Inc., soci\u00e9t\u00e9 immatricul\u00e9e dans l\u2019\u00c9tat du Delaware, dont le si\u00e8ge social est situ\u00e9 au 1600 Amphitheatre Parkway, Mountain View (Californie), CA 94043, \u00c9tats-Unis. Des donn\u00e9es sont stock\u00e9es en vue d\u2019une analyse plus approfondie&nbsp;: nombre de visites du site Internet par l\u2019utilisateur, dates de la premi\u00e8re et de la derni\u00e8re visite de l&rsquo;utilisateur, dur\u00e9e des visites, page \u00e0 partir de laquelle l&rsquo;utilisateur a acc\u00e9d\u00e9 au site Internet, moteur de recherche utilis\u00e9 pour acc\u00e9der au site Internet ou au lien s\u00e9lectionn\u00e9, emplacement depuis lequel l&rsquo;utilisateur acc\u00e8de au site, etc. Le param\u00e9trage de ces cookies est pr\u00e9d\u00e9fini par le service propos\u00e9 par Google. Pour en savoir plus sur les cookies qu&rsquo;il utilise et comment les d\u00e9sactiver (\u00e9tant entendu que nous ne sommes pas responsables du contenu ou de l\u2019exactitude des sites Internet tiers), nous vous invitons \u00e0 consulter la page relative \u00e0 la confidentialit\u00e9 de Google Analytics, https:\/\/www.google.com\/intl\/es\/analytics\/privacyoverview.html.<\/p>\n\n\n\n<h4 class=\"wp-block-heading\">D\u00e9sactivation des cookies<\/h4>\n\n\n\n<p>Vous pouvez autoriser, bloquer ou supprimer les cookies install\u00e9s sur votre ordinateur en configurant les options du navigateur install\u00e9 sur celui-ci. Veuillez lire attentivement la section d&rsquo;aide de votre navigateur pour en savoir plus sur l\u2019activation du \u00ab mode priv\u00e9 \u00bb ou le d\u00e9blocage de certains cookies.<\/p>\n\n\n\n<ul class=\"wp-block-list\">\n<li><a href=\"https:\/\/windows.microsoft.com\/es-es\/windows-vista\/Block-or-allow-cookies\" target=\"_blank\" rel=\"noreferrer noopener\">Cliquez<\/a><a href=\"https:\/\/windows.microsoft.com\/es-es\/windows-vista\/Block-or-allow-cookies\"> ici<\/a> pour en savoir plus sur le navigateur Explorer.<\/li>\n\n\n\n<li><a href=\"https:\/\/support.mozilla.org\/es\/kb\/habilitar-y-deshabilitar-cookies-que-los-sitios-we\" target=\"_blank\" rel=\"noreferrer noopener\">Cliquez<\/a><a href=\"https:\/\/support.mozilla.org\/es\/kb\/habilitar-y-deshabilitar-cookies-que-los-sitios-we\"> ici<\/a> pour en savoir plus sur le navigateur Firefox.<\/li>\n\n\n\n<li><a href=\"https:\/\/help.opera.com\/Windows\/11.50\/es-ES\/cookies.html\">Cliquez<\/a><a href=\"https:\/\/help.opera.com\/Windows\/11.50\/es-ES\/cookies.html\" target=\"_blank\" rel=\"noreferrer noopener\"> <\/a><a href=\"https:\/\/help.opera.com\/Windows\/11.50\/es-ES\/cookies.html\">ici<\/a> pour en savoir plus sur le navigateur Opera.<\/li>\n\n\n\n<li><a href=\"https:\/\/support.google.com\/accounts\/answer\/61416?hl=es\">Cliquez <\/a><a href=\"https:\/\/support.google.com\/accounts\/answer\/61416?hl=es\" target=\"_blank\" rel=\"noreferrer noopener\">ici<\/a> pour en savoir plus sur le navigateur Google Chrome.<\/li>\n\n\n\n<li><a href=\"https:\/\/support.apple.com\/kb\/HT1677?viewlocale=es_ES\" target=\"_blank\" rel=\"noreferrer noopener\">Cliquez<\/a><a href=\"https:\/\/support.apple.com\/kb\/HT1677?viewlocale=es_ES\"> ici<\/a> pour en savoir plus sur le navigateur Safari.<\/li>\n<\/ul>\n\n\n<h4 class=\"wp-block-heading\">D\u00e9sactivation ou suppression des cookies appartenant \u00e0 Google Analytics<\/h4>\n\n\n<p>Si vous acceptez l&rsquo;utilisation des cookies appartenant \u00e0 Google Ananlytics, vous aurez la possibilit\u00e9 de les d\u00e9sinstaller ult\u00e9rieurement en configurant votre navigateur, comme indiqu\u00e9, ou en installant le module compl\u00e9mentaire de d\u00e9sactivation de Google Analytics : <a href=\"https:\/\/tools.google.com\/dlpage\/gaoptout?hl=es\">https:\/\/tools.google.<\/a><a href=\"https:\/\/tools.google.com\/dlpage\/gaoptout?hl=es\" target=\"_blank\" rel=\"noreferrer noopener\">com\/dlpage\/gaoptout ? hl=es<\/a>.<\/p>\n\n\n\n<p>Derni\u00e8re mise \u00e0 jour\u00a0: 1<sup>er<\/sup> ao\u00fbt 2024.<\/p>\n","protected":false},"excerpt":{"rendered":"<p>Qu&rsquo;est-ce qu&rsquo;un cookie ? Il s&rsquo;agit d&rsquo;un fichier t\u00e9l\u00e9charg\u00e9 sur votre ordinateur ou un autre appareil lorsque vous acc\u00e9dez \u00e0 certains sites Internet et collectant des informations sur votre navigation sur lesdits sites. Dans certains cas, les cookies sont n\u00e9cessaires pour faciliter la navigation et permettre notamment le stockage et la r\u00e9cup\u00e9ration d&rsquo;informations sur les [&hellip;]<\/p>\n","protected":false},"author":8,"featured_media":0,"parent":0,"menu_order":0,"comment_status":"closed","ping_status":"closed","template":"page-legal.php","meta":{"_acf_changed":false,"footnotes":""},"class_list":["post-698","page","type-page","status-publish","hentry"],"translation":{"provider":"WPGlobus","version":"3.0.2","language":"fr","enabled_languages":["es","en","fr"],"languages":{"es":{"title":true,"content":true,"excerpt":false},"en":{"title":true,"content":true,"excerpt":false},"fr":{"title":true,"content":true,"excerpt":false}}},"acf":[],"yoast_head":"<!-- This site is optimized with the Yoast SEO plugin v27.4 - https:\/\/yoast.com\/product\/yoast-seo-wordpress\/ -->\n<title>Politique en mati\u00e8re de cookies - Cobra IS<\/title>\n<meta name=\"robots\" content=\"index, follow, max-snippet:-1, max-image-preview:large, max-video-preview:-1\" \/>\n<link rel=\"canonical\" href=\"https:\/\/www.iscobra.com\/politica-de-cookies\/\" \/>\n<meta property=\"og:locale\" content=\"fr_FR\" \/>\n<meta property=\"og:type\" content=\"article\" \/>\n<meta property=\"og:title\" content=\"Politique en mati\u00e8re de cookies - Cobra IS\" \/>\n<meta property=\"og:url\" content=\"https:\/\/www.iscobra.com\/politica-de-cookies\/\" \/>\n<meta property=\"og:site_name\" content=\"Cobra IS\" \/>\n<meta property=\"article:modified_time\" content=\"2024-11-06T11:56:40+00:00\" \/>\n<meta name=\"twitter:card\" content=\"summary_large_image\" \/>\n<meta name=\"twitter:label1\" content=\"Dur\u00e9e de lecture estim\u00e9e\" \/>\n\t<meta name=\"twitter:data1\" content=\"5 minutes\" \/>\n<script type=\"application\/ld+json\" class=\"yoast-schema-graph\">{\"@context\":\"https:\\\/\\\/schema.org\",\"@graph\":[{\"@type\":\"WebPage\",\"@id\":\"https:\\\/\\\/www.iscobra.com\\\/politica-de-cookies\\\/\",\"url\":\"https:\\\/\\\/www.iscobra.com\\\/politica-de-cookies\\\/\",\"name\":\"Politique en mati\u00e8re de cookies - Cobra IS\",\"isPartOf\":{\"@id\":\"https:\\\/\\\/www.iscobra.com\\\/#website\"},\"datePublished\":\"2024-07-04T17:39:30+00:00\",\"dateModified\":\"2024-11-06T11:56:40+00:00\",\"breadcrumb\":{\"@id\":\"https:\\\/\\\/www.iscobra.com\\\/politica-de-cookies\\\/#breadcrumb\"},\"inLanguage\":\"fr-FR\",\"potentialAction\":[{\"@type\":\"ReadAction\",\"target\":[\"https:\\\/\\\/www.iscobra.com\\\/politica-de-cookies\\\/\"]}]},{\"@type\":\"BreadcrumbList\",\"@id\":\"https:\\\/\\\/www.iscobra.com\\\/politica-de-cookies\\\/#breadcrumb\",\"itemListElement\":[{\"@type\":\"ListItem\",\"position\":1,\"name\":\"Home\",\"item\":\"https:\\\/\\\/www.iscobra.com\\\/\"},{\"@type\":\"ListItem\",\"position\":2,\"name\":\"Pol\u00edtica de cookies\"}]},{\"@type\":\"WebSite\",\"@id\":\"https:\\\/\\\/www.iscobra.com\\\/#website\",\"url\":\"https:\\\/\\\/www.iscobra.com\\\/\",\"name\":\"{:es}Cobra IS{:}{:en}Cobra IS{:}{:fr}Cobra IS{:}\",\"description\":\"R\u00e9f\u00e9rence historique en ing\u00e9nierie industrielle appliqu\u00e9e et services mondiaux.\",\"publisher\":{\"@id\":\"https:\\\/\\\/www.iscobra.com\\\/#organization\"},\"potentialAction\":[{\"@type\":\"SearchAction\",\"target\":{\"@type\":\"EntryPoint\",\"urlTemplate\":\"https:\\\/\\\/www.iscobra.com\\\/?s={search_term_string}\"},\"query-input\":{\"@type\":\"PropertyValueSpecification\",\"valueRequired\":true,\"valueName\":\"search_term_string\"}}],\"inLanguage\":\"fr-FR\"},{\"@type\":\"Organization\",\"@id\":\"https:\\\/\\\/www.iscobra.com\\\/#organization\",\"name\":\"{:es}Cobra IS{:}{:en}Cobra IS{:}{:fr}Cobra IS{:}\",\"url\":\"https:\\\/\\\/www.iscobra.com\\\/\",\"logo\":{\"@type\":\"ImageObject\",\"inLanguage\":\"fr-FR\",\"@id\":\"https:\\\/\\\/www.iscobra.com\\\/#\\\/schema\\\/logo\\\/image\\\/\",\"url\":\"https:\\\/\\\/www.iscobra.com\\\/wp-content\\\/uploads\\\/2024\\\/05\\\/logo-color-cobrais.svg\",\"contentUrl\":\"https:\\\/\\\/www.iscobra.com\\\/wp-content\\\/uploads\\\/2024\\\/05\\\/logo-color-cobrais.svg\",\"caption\":\"{:es}Cobra IS{:}{:en}Cobra IS{:}{:fr}Cobra IS{:}\"},\"image\":{\"@id\":\"https:\\\/\\\/www.iscobra.com\\\/#\\\/schema\\\/logo\\\/image\\\/\"}}]}<\/script>\n<!-- \/ Yoast SEO plugin. -->","yoast_head_json":{"title":"Politique en mati\u00e8re de cookies - Cobra IS","robots":{"index":"index","follow":"follow","max-snippet":"max-snippet:-1","max-image-preview":"max-image-preview:large","max-video-preview":"max-video-preview:-1"},"canonical":"https:\/\/www.iscobra.com\/politica-de-cookies\/","og_locale":"fr_FR","og_type":"article","og_title":"Politique en mati\u00e8re de cookies - Cobra IS","og_url":"https:\/\/www.iscobra.com\/politica-de-cookies\/","og_site_name":"Cobra IS","article_modified_time":"2024-11-06T11:56:40+00:00","twitter_card":"summary_large_image","twitter_misc":{"Dur\u00e9e de lecture estim\u00e9e":"5 minutes"},"schema":{"@context":"https:\/\/schema.org","@graph":[{"@type":"WebPage","@id":"https:\/\/www.iscobra.com\/politica-de-cookies\/","url":"https:\/\/www.iscobra.com\/politica-de-cookies\/","name":"Politique en mati\u00e8re de cookies - Cobra IS","isPartOf":{"@id":"https:\/\/www.iscobra.com\/#website"},"datePublished":"2024-07-04T17:39:30+00:00","dateModified":"2024-11-06T11:56:40+00:00","breadcrumb":{"@id":"https:\/\/www.iscobra.com\/politica-de-cookies\/#breadcrumb"},"inLanguage":"fr-FR","potentialAction":[{"@type":"ReadAction","target":["https:\/\/www.iscobra.com\/politica-de-cookies\/"]}]},{"@type":"BreadcrumbList","@id":"https:\/\/www.iscobra.com\/politica-de-cookies\/#breadcrumb","itemListElement":[{"@type":"ListItem","position":1,"name":"Home","item":"https:\/\/www.iscobra.com\/"},{"@type":"ListItem","position":2,"name":"Pol\u00edtica de cookies"}]},{"@type":"WebSite","@id":"https:\/\/www.iscobra.com\/#website","url":"https:\/\/www.iscobra.com\/","name":"{:es}Cobra IS{:}{:en}Cobra IS{:}{:fr}Cobra IS{:}","description":"R\u00e9f\u00e9rence historique en ing\u00e9nierie industrielle appliqu\u00e9e et services mondiaux.","publisher":{"@id":"https:\/\/www.iscobra.com\/#organization"},"potentialAction":[{"@type":"SearchAction","target":{"@type":"EntryPoint","urlTemplate":"https:\/\/www.iscobra.com\/?s={search_term_string}"},"query-input":{"@type":"PropertyValueSpecification","valueRequired":true,"valueName":"search_term_string"}}],"inLanguage":"fr-FR"},{"@type":"Organization","@id":"https:\/\/www.iscobra.com\/#organization","name":"{:es}Cobra IS{:}{:en}Cobra IS{:}{:fr}Cobra IS{:}","url":"https:\/\/www.iscobra.com\/","logo":{"@type":"ImageObject","inLanguage":"fr-FR","@id":"https:\/\/www.iscobra.com\/#\/schema\/logo\/image\/","url":"https:\/\/www.iscobra.com\/wp-content\/uploads\/2024\/05\/logo-color-cobrais.svg","contentUrl":"https:\/\/www.iscobra.com\/wp-content\/uploads\/2024\/05\/logo-color-cobrais.svg","caption":"{:es}Cobra IS{:}{:en}Cobra IS{:}{:fr}Cobra IS{:}"},"image":{"@id":"https:\/\/www.iscobra.com\/#\/schema\/logo\/image\/"}}]}},"_links":{"self":[{"href":"https:\/\/www.iscobra.com\/fr\/wp-json\/wp\/v2\/pages\/698","targetHints":{"allow":["GET"]}}],"collection":[{"href":"https:\/\/www.iscobra.com\/fr\/wp-json\/wp\/v2\/pages"}],"about":[{"href":"https:\/\/www.iscobra.com\/fr\/wp-json\/wp\/v2\/types\/page"}],"author":[{"embeddable":true,"href":"https:\/\/www.iscobra.com\/fr\/wp-json\/wp\/v2\/users\/8"}],"replies":[{"embeddable":true,"href":"https:\/\/www.iscobra.com\/fr\/wp-json\/wp\/v2\/comments?post=698"}],"version-history":[{"count":30,"href":"https:\/\/www.iscobra.com\/fr\/wp-json\/wp\/v2\/pages\/698\/revisions"}],"predecessor-version":[{"id":2343,"href":"https:\/\/www.iscobra.com\/fr\/wp-json\/wp\/v2\/pages\/698\/revisions\/2343"}],"wp:attachment":[{"href":"https:\/\/www.iscobra.com\/fr\/wp-json\/wp\/v2\/media?parent=698"}],"curies":[{"name":"wp","href":"https:\/\/api.w.org\/{rel}","templated":true}]}}